{"id":1843,"date":"2021-08-04T09:36:05","date_gmt":"2021-08-04T09:36:05","guid":{"rendered":"https:\/\/skdevin.it\/prispevki-javnih-organov\/"},"modified":"2022-09-18T08:51:06","modified_gmt":"2022-09-18T08:51:06","slug":"contributi-degli-enti-pubblici","status":"publish","type":"page","link":"https:\/\/skdevin.it\/it\/contributi-degli-enti-pubblici\/","title":{"rendered":"Contributi degli enti pubblici"},"content":{"rendered":"\t\t<div data-elementor-type=\"wp-page\" data-elementor-id=\"1843\" class=\"elementor elementor-1843 elementor-1077\" data-elementor-post-type=\"page\">\n\t\t\t\t\t\t<section class=\"elementor-section elementor-top-section elementor-element elementor-element-05d5414 elementor-section-boxed elementor-section-height-default elementor-section-height-default\" data-id=\"05d5414\" data-element_type=\"section\" data-e-type=\"section\">\n\t\t\t\t\t\t<div class=\"elementor-container elementor-column-gap-default\">\n\t\t\t\t\t<div class=\"elementor-column elementor-col-100 elementor-top-column elementor-element elementor-element-2df0d2f\" data-id=\"2df0d2f\" data-element_type=\"column\" data-e-type=\"column\">\n\t\t\t<div class=\"elementor-widget-wrap elementor-element-populated\">\n\t\t\t\t\t\t<div class=\"elementor-element elementor-element-062e709 elementor-widget elementor-widget-heading\" data-id=\"062e709\" data-element_type=\"widget\" data-e-type=\"widget\" data-widget_type=\"heading.default\">\n\t\t\t\t<div class=\"elementor-widget-container\">\n\t\t\t\t\t<h2 class=\"elementor-heading-title elementor-size-default\">Seznam javnih prispevkov v letu 2020<\/h2>\t\t\t\t<\/div>\n\t\t\t\t<\/div>\n\t\t\t\t\t<\/div>\n\t\t<\/div>\n\t\t\t\t\t<\/div>\n\t\t<\/section>\n\t\t\t\t<section class=\"elementor-section elementor-top-section elementor-element elementor-element-f1d4f1b elementor-section-boxed elementor-section-height-default elementor-section-height-default\" data-id=\"f1d4f1b\" data-element_type=\"section\" data-e-type=\"section\">\n\t\t\t\t\t\t<div class=\"elementor-container elementor-column-gap-default\">\n\t\t\t\t\t<div class=\"elementor-column elementor-col-100 elementor-top-column elementor-element elementor-element-bc6de4c\" data-id=\"bc6de4c\" data-element_type=\"column\" data-e-type=\"column\">\n\t\t\t<div class=\"elementor-widget-wrap elementor-element-populated\">\n\t\t\t\t\t\t<div class=\"elementor-element elementor-element-ae26702 elementor-widget elementor-widget-text-editor\" data-id=\"ae26702\" data-element_type=\"widget\" data-e-type=\"widget\" data-widget_type=\"text-editor.default\">\n\t\t\t\t<div class=\"elementor-widget-container\">\n\t\t\t\t\t\t\t\t\t<p>Avtonomna De\u017eela FJK za organizacijo \u0161agre:\u00a0\u00a03.000,00\u20ac<\/p><p>Avtonomna De\u017eela FJK za\u00a0nakup \u0161portne opreme: 2.500,00\u20ac<\/p><p>CATA ARTIGIANATO FRIULI VENEZIA GIULIA S.r.l.\u00a0za\u00a0izredno stanje Covid-19: 1.152,00\u20ac<\/p><p>Ob\u010dina Devin-Nabre\u017eina za redno delovanje: 750,00\u20ac<\/p><p>Ob\u010dina Devin-Nabre\u017eina za Pohod Kohi\u0161\u010de: 2.175,00\u20ac<\/p>\t\t\t\t\t\t\t\t<\/div>\n\t\t\t\t<\/div>\n\t\t\t\t\t<\/div>\n\t\t<\/div>\n\t\t\t\t\t<\/div>\n\t\t<\/section>\n\t\t\t\t<\/div>\n\t\t","protected":false},"excerpt":{"rendered":"<p>Seznam javnih prispevkov v letu 2020 Avtonomna De\u017eela FJK za organizacijo \u0161agre:&nbsp;&nbsp;3.000,00\u20ac Avtonomna De\u017eela FJK za&nbsp;nakup \u0161portne opreme: 2.500,00\u20ac CATA ARTIGIANATO FRIULI VENEZIA GIULIA S.r.l.&nbsp;za&nbsp;izredno stanje Covid-19: 1.152,00\u20ac Ob\u010dina Devin-Nabre\u017eina za redno delovanje: 750,00\u20ac Ob\u010dina Devin-Nabre\u017eina za Pohod Kohi\u0161\u010de: 2.175,00\u20ac<\/p>\n","protected":false},"author":2,"featured_media":0,"parent":0,"menu_order":0,"comment_status":"closed","ping_status":"closed","template":"elementor_theme","meta":{"footnotes":""},"class_list":["post-1843","page","type-page","status-publish","hentry"],"acf":[],"yoast_head":"<!-- This site is optimized with the Yoast SEO plugin v27.5 - https:\/\/yoast.com\/product\/yoast-seo-wordpress\/ -->\n<title>Contributi degli enti pubblici - SK Devin<\/title>\n<meta name=\"robots\" content=\"index, follow, max-snippet:-1, max-image-preview:large, max-video-preview:-1\" \/>\n<link rel=\"canonical\" href=\"https:\/\/skdevin.it\/it\/contributi-degli-enti-pubblici\/\" \/>\n<meta property=\"og:locale\" content=\"it_IT\" \/>\n<meta property=\"og:type\" content=\"article\" \/>\n<meta property=\"og:title\" content=\"Contributi degli enti pubblici - SK Devin\" \/>\n<meta property=\"og:description\" content=\"Seznam javnih prispevkov v letu 2020 Avtonomna De\u017eela FJK za organizacijo \u0161agre:&nbsp;&nbsp;3.000,00\u20ac Avtonomna De\u017eela FJK za&nbsp;nakup \u0161portne opreme: 2.500,00\u20ac CATA ARTIGIANATO FRIULI VENEZIA GIULIA S.r.l.&nbsp;za&nbsp;izredno stanje Covid-19: 1.152,00\u20ac Ob\u010dina Devin-Nabre\u017eina za redno delovanje: 750,00\u20ac Ob\u010dina Devin-Nabre\u017eina za Pohod Kohi\u0161\u010de: 2.175,00\u20ac\" \/>\n<meta property=\"og:url\" content=\"https:\/\/skdevin.it\/it\/contributi-degli-enti-pubblici\/\" \/>\n<meta property=\"og:site_name\" content=\"SK Devin\" \/>\n<meta property=\"article:publisher\" content=\"https:\/\/it-it.facebook.com\/skdevinit\/\" \/>\n<meta property=\"article:modified_time\" content=\"2022-09-18T08:51:06+00:00\" \/>\n<meta name=\"twitter:card\" content=\"summary_large_image\" \/>\n<meta name=\"twitter:label1\" content=\"Tempo di lettura stimato\" \/>\n\t<meta name=\"twitter:data1\" content=\"1 minuto\" \/>\n<script type=\"application\/ld+json\" class=\"yoast-schema-graph\">{\"@context\":\"https:\\\/\\\/schema.org\",\"@graph\":[{\"@type\":\"WebPage\",\"@id\":\"https:\\\/\\\/skdevin.it\\\/it\\\/contributi-degli-enti-pubblici\\\/\",\"url\":\"https:\\\/\\\/skdevin.it\\\/it\\\/contributi-degli-enti-pubblici\\\/\",\"name\":\"Contributi degli enti pubblici - SK Devin\",\"isPartOf\":{\"@id\":\"https:\\\/\\\/skdevin.it\\\/#website\"},\"datePublished\":\"2021-08-04T09:36:05+00:00\",\"dateModified\":\"2022-09-18T08:51:06+00:00\",\"breadcrumb\":{\"@id\":\"https:\\\/\\\/skdevin.it\\\/it\\\/contributi-degli-enti-pubblici\\\/#breadcrumb\"},\"inLanguage\":\"it-IT\",\"potentialAction\":[{\"@type\":\"ReadAction\",\"target\":[\"https:\\\/\\\/skdevin.it\\\/it\\\/contributi-degli-enti-pubblici\\\/\"]}]},{\"@type\":\"BreadcrumbList\",\"@id\":\"https:\\\/\\\/skdevin.it\\\/it\\\/contributi-degli-enti-pubblici\\\/#breadcrumb\",\"itemListElement\":[{\"@type\":\"ListItem\",\"position\":1,\"name\":\"Home\",\"item\":\"https:\\\/\\\/skdevin.it\\\/\"},{\"@type\":\"ListItem\",\"position\":2,\"name\":\"Contributi degli enti pubblici\"}]},{\"@type\":\"WebSite\",\"@id\":\"https:\\\/\\\/skdevin.it\\\/#website\",\"url\":\"https:\\\/\\\/skdevin.it\\\/\",\"name\":\"SK Devin\",\"description\":\"Uradna spletna stran smu\u010darskega kluba\",\"publisher\":{\"@id\":\"https:\\\/\\\/skdevin.it\\\/#organization\"},\"potentialAction\":[{\"@type\":\"SearchAction\",\"target\":{\"@type\":\"EntryPoint\",\"urlTemplate\":\"https:\\\/\\\/skdevin.it\\\/?s={search_term_string}\"},\"query-input\":{\"@type\":\"PropertyValueSpecification\",\"valueRequired\":true,\"valueName\":\"search_term_string\"}}],\"inLanguage\":\"it-IT\"},{\"@type\":\"Organization\",\"@id\":\"https:\\\/\\\/skdevin.it\\\/#organization\",\"name\":\"SK Devin\",\"url\":\"https:\\\/\\\/skdevin.it\\\/\",\"logo\":{\"@type\":\"ImageObject\",\"inLanguage\":\"it-IT\",\"@id\":\"https:\\\/\\\/skdevin.it\\\/#\\\/schema\\\/logo\\\/image\\\/\",\"url\":\"https:\\\/\\\/skdevin.it\\\/wp-content\\\/uploads\\\/2021\\\/05\\\/Ski-Devin-Logo-1@300x.png\",\"contentUrl\":\"https:\\\/\\\/skdevin.it\\\/wp-content\\\/uploads\\\/2021\\\/05\\\/Ski-Devin-Logo-1@300x.png\",\"width\":300,\"height\":123,\"caption\":\"SK Devin\"},\"image\":{\"@id\":\"https:\\\/\\\/skdevin.it\\\/#\\\/schema\\\/logo\\\/image\\\/\"},\"sameAs\":[\"https:\\\/\\\/it-it.facebook.com\\\/skdevinit\\\/\"]}]}<\/script>\n<!-- \/ Yoast SEO plugin. -->","yoast_head_json":{"title":"Contributi degli enti pubblici - SK Devin","robots":{"index":"index","follow":"follow","max-snippet":"max-snippet:-1","max-image-preview":"max-image-preview:large","max-video-preview":"max-video-preview:-1"},"canonical":"https:\/\/skdevin.it\/it\/contributi-degli-enti-pubblici\/","og_locale":"it_IT","og_type":"article","og_title":"Contributi degli enti pubblici - SK Devin","og_description":"Seznam javnih prispevkov v letu 2020 Avtonomna De\u017eela FJK za organizacijo \u0161agre:&nbsp;&nbsp;3.000,00\u20ac Avtonomna De\u017eela FJK za&nbsp;nakup \u0161portne opreme: 2.500,00\u20ac CATA ARTIGIANATO FRIULI VENEZIA GIULIA S.r.l.&nbsp;za&nbsp;izredno stanje Covid-19: 1.152,00\u20ac Ob\u010dina Devin-Nabre\u017eina za redno delovanje: 750,00\u20ac Ob\u010dina Devin-Nabre\u017eina za Pohod Kohi\u0161\u010de: 2.175,00\u20ac","og_url":"https:\/\/skdevin.it\/it\/contributi-degli-enti-pubblici\/","og_site_name":"SK Devin","article_publisher":"https:\/\/it-it.facebook.com\/skdevinit\/","article_modified_time":"2022-09-18T08:51:06+00:00","twitter_card":"summary_large_image","twitter_misc":{"Tempo di lettura stimato":"1 minuto"},"schema":{"@context":"https:\/\/schema.org","@graph":[{"@type":"WebPage","@id":"https:\/\/skdevin.it\/it\/contributi-degli-enti-pubblici\/","url":"https:\/\/skdevin.it\/it\/contributi-degli-enti-pubblici\/","name":"Contributi degli enti pubblici - SK Devin","isPartOf":{"@id":"https:\/\/skdevin.it\/#website"},"datePublished":"2021-08-04T09:36:05+00:00","dateModified":"2022-09-18T08:51:06+00:00","breadcrumb":{"@id":"https:\/\/skdevin.it\/it\/contributi-degli-enti-pubblici\/#breadcrumb"},"inLanguage":"it-IT","potentialAction":[{"@type":"ReadAction","target":["https:\/\/skdevin.it\/it\/contributi-degli-enti-pubblici\/"]}]},{"@type":"BreadcrumbList","@id":"https:\/\/skdevin.it\/it\/contributi-degli-enti-pubblici\/#breadcrumb","itemListElement":[{"@type":"ListItem","position":1,"name":"Home","item":"https:\/\/skdevin.it\/"},{"@type":"ListItem","position":2,"name":"Contributi degli enti pubblici"}]},{"@type":"WebSite","@id":"https:\/\/skdevin.it\/#website","url":"https:\/\/skdevin.it\/","name":"SK Devin","description":"Uradna spletna stran smu\u010darskega kluba","publisher":{"@id":"https:\/\/skdevin.it\/#organization"},"potentialAction":[{"@type":"SearchAction","target":{"@type":"EntryPoint","urlTemplate":"https:\/\/skdevin.it\/?s={search_term_string}"},"query-input":{"@type":"PropertyValueSpecification","valueRequired":true,"valueName":"search_term_string"}}],"inLanguage":"it-IT"},{"@type":"Organization","@id":"https:\/\/skdevin.it\/#organization","name":"SK Devin","url":"https:\/\/skdevin.it\/","logo":{"@type":"ImageObject","inLanguage":"it-IT","@id":"https:\/\/skdevin.it\/#\/schema\/logo\/image\/","url":"https:\/\/skdevin.it\/wp-content\/uploads\/2021\/05\/Ski-Devin-Logo-1@300x.png","contentUrl":"https:\/\/skdevin.it\/wp-content\/uploads\/2021\/05\/Ski-Devin-Logo-1@300x.png","width":300,"height":123,"caption":"SK Devin"},"image":{"@id":"https:\/\/skdevin.it\/#\/schema\/logo\/image\/"},"sameAs":["https:\/\/it-it.facebook.com\/skdevinit\/"]}]}},"_links":{"self":[{"href":"https:\/\/skdevin.it\/it\/wp-json\/wp\/v2\/pages\/1843","targetHints":{"allow":["GET"]}}],"collection":[{"href":"https:\/\/skdevin.it\/it\/wp-json\/wp\/v2\/pages"}],"about":[{"href":"https:\/\/skdevin.it\/it\/wp-json\/wp\/v2\/types\/page"}],"author":[{"embeddable":true,"href":"https:\/\/skdevin.it\/it\/wp-json\/wp\/v2\/users\/2"}],"replies":[{"embeddable":true,"href":"https:\/\/skdevin.it\/it\/wp-json\/wp\/v2\/comments?post=1843"}],"version-history":[{"count":1,"href":"https:\/\/skdevin.it\/it\/wp-json\/wp\/v2\/pages\/1843\/revisions"}],"predecessor-version":[{"id":2092,"href":"https:\/\/skdevin.it\/it\/wp-json\/wp\/v2\/pages\/1843\/revisions\/2092"}],"wp:attachment":[{"href":"https:\/\/skdevin.it\/it\/wp-json\/wp\/v2\/media?parent=1843"}],"curies":[{"name":"wp","href":"https:\/\/api.w.org\/{rel}","templated":true}]}}