{"id":1841,"date":"2021-08-04T09:53:33","date_gmt":"2021-08-04T09:53:33","guid":{"rendered":"https:\/\/skdevin.it\/ostale-dejavnosti\/"},"modified":"2025-11-02T17:31:10","modified_gmt":"2025-11-02T17:31:10","slug":"altre-attivita","status":"publish","type":"page","link":"https:\/\/skdevin.it\/it\/altre-attivita\/","title":{"rendered":"Altre attivit\u00e0"},"content":{"rendered":"\t\t<div data-elementor-type=\"wp-page\" data-elementor-id=\"1841\" class=\"elementor elementor-1841 elementor-1097\" data-elementor-post-type=\"page\">\n\t\t\t\t\t\t<section class=\"elementor-section elementor-top-section elementor-element elementor-element-d7d1959 elementor-hidden-desktop elementor-hidden-tablet elementor-hidden-mobile elementor-section-boxed elementor-section-height-default elementor-section-height-default\" data-id=\"d7d1959\" data-element_type=\"section\" data-e-type=\"section\">\n\t\t\t\t\t\t<div class=\"elementor-container elementor-column-gap-default\">\n\t\t\t\t\t<div class=\"elementor-column elementor-col-100 elementor-top-column elementor-element elementor-element-be155c0\" data-id=\"be155c0\" data-element_type=\"column\" data-e-type=\"column\">\n\t\t\t<div class=\"elementor-widget-wrap elementor-element-populated\">\n\t\t\t\t\t\t<div class=\"elementor-element elementor-element-8cc0e9c elementor-widget elementor-widget-heading\" data-id=\"8cc0e9c\" data-element_type=\"widget\" data-e-type=\"widget\" data-widget_type=\"heading.default\">\n\t\t\t\t<div class=\"elementor-widget-container\">\n\t\t\t\t\t<h2 class=\"elementor-heading-title elementor-size-default\">V GRADNJI<\/h2>\t\t\t\t<\/div>\n\t\t\t\t<\/div>\n\t\t\t\t<div class=\"elementor-element elementor-element-a281cf2 elementor-widget elementor-widget-text-editor\" data-id=\"a281cf2\" data-element_type=\"widget\" data-e-type=\"widget\" data-widget_type=\"text-editor.default\">\n\t\t\t\t<div class=\"elementor-widget-container\">\n\t\t\t\t\t\t\t\t\t<p>Kmalu bomo objavili nove vsebine o na\u0161ih ostalih dejavnosti, ki so sestavni del na\u0161ega kluba.<\/p>\n\t\t\t\t\t\t\t\t<\/div>\n\t\t\t\t<\/div>\n\t\t\t\t\t<\/div>\n\t\t<\/div>\n\t\t\t\t\t<\/div>\n\t\t<\/section>\n\t\t\t\t<section class=\"elementor-section elementor-top-section elementor-element elementor-element-2c10561 elementor-section-boxed elementor-section-height-default elementor-section-height-default\" data-id=\"2c10561\" data-element_type=\"section\" data-e-type=\"section\">\n\t\t\t\t\t\t<div class=\"elementor-container elementor-column-gap-default\">\n\t\t\t\t\t<div class=\"elementor-column elementor-col-100 elementor-top-column elementor-element elementor-element-1ab8122\" data-id=\"1ab8122\" data-element_type=\"column\" data-e-type=\"column\">\n\t\t\t<div class=\"elementor-widget-wrap elementor-element-populated\">\n\t\t\t\t\t\t<div class=\"elementor-element elementor-element-d3e0596 elementor-widget elementor-widget-heading\" data-id=\"d3e0596\" data-element_type=\"widget\" data-e-type=\"widget\" data-widget_type=\"heading.default\">\n\t\t\t\t<div class=\"elementor-widget-container\">\n\t\t\t\t\t<h2 class=\"elementor-heading-title elementor-size-default\">Mercatino dell'attrezzatura da sci usata<\/h2>\t\t\t\t<\/div>\n\t\t\t\t<\/div>\n\t\t\t\t\t<\/div>\n\t\t<\/div>\n\t\t\t\t\t<\/div>\n\t\t<\/section>\n\t\t\t\t<section class=\"elementor-section elementor-top-section elementor-element elementor-element-8287ce1 elementor-section-boxed elementor-section-height-default elementor-section-height-default\" data-id=\"8287ce1\" data-element_type=\"section\" data-e-type=\"section\">\n\t\t\t\t\t\t<div class=\"elementor-container elementor-column-gap-default\">\n\t\t\t\t\t<div class=\"elementor-column elementor-col-100 elementor-top-column elementor-element elementor-element-3ec3fc9\" data-id=\"3ec3fc9\" data-element_type=\"column\" data-e-type=\"column\">\n\t\t\t<div class=\"elementor-widget-wrap elementor-element-populated\">\n\t\t\t\t\t\t<div class=\"elementor-element elementor-element-0b647b2 elementor-widget elementor-widget-image\" data-id=\"0b647b2\" data-element_type=\"widget\" data-e-type=\"widget\" data-widget_type=\"image.default\">\n\t\t\t\t<div class=\"elementor-widget-container\">\n\t\t\t\t\t\t\t\t\t\t\t\t\t\t\t<img fetchpriority=\"high\" decoding=\"async\" width=\"768\" height=\"1086\" src=\"https:\/\/skdevin.it\/wp-content\/uploads\/2025\/10\/mercatino_ita-768x1086.jpg\" class=\"attachment-medium_large size-medium_large wp-image-2834\" alt=\"\" srcset=\"https:\/\/skdevin.it\/wp-content\/uploads\/2025\/10\/mercatino_ita-768x1086.jpg 768w, https:\/\/skdevin.it\/wp-content\/uploads\/2025\/10\/mercatino_ita-212x300.jpg 212w, https:\/\/skdevin.it\/wp-content\/uploads\/2025\/10\/mercatino_ita-724x1024.jpg 724w, https:\/\/skdevin.it\/wp-content\/uploads\/2025\/10\/mercatino_ita-1086x1536.jpg 1086w, https:\/\/skdevin.it\/wp-content\/uploads\/2025\/10\/mercatino_ita.jpg 1131w\" sizes=\"(max-width: 768px) 100vw, 768px\" \/>\t\t\t\t\t\t\t\t\t\t\t\t\t\t\t<\/div>\n\t\t\t\t<\/div>\n\t\t\t\t\t<\/div>\n\t\t<\/div>\n\t\t\t\t\t<\/div>\n\t\t<\/section>\n\t\t\t\t<section class=\"elementor-section elementor-top-section elementor-element elementor-element-ca8d9d7 elementor-section-boxed elementor-section-height-default elementor-section-height-default\" data-id=\"ca8d9d7\" data-element_type=\"section\" data-e-type=\"section\">\n\t\t\t\t\t\t<div class=\"elementor-container elementor-column-gap-default\">\n\t\t\t\t\t<div class=\"elementor-column elementor-col-100 elementor-top-column elementor-element elementor-element-b4e59cc\" data-id=\"b4e59cc\" data-element_type=\"column\" data-e-type=\"column\">\n\t\t\t<div class=\"elementor-widget-wrap elementor-element-populated\">\n\t\t\t\t\t\t<div class=\"elementor-element elementor-element-f94c695 elementor-button-info elementor-mobile-align-center elementor-align-center elementor-widget elementor-widget-button\" data-id=\"f94c695\" data-element_type=\"widget\" data-e-type=\"widget\" data-widget_type=\"button.default\">\n\t\t\t\t<div class=\"elementor-widget-container\">\n\t\t\t\t\t\t\t\t\t<div class=\"elementor-button-wrapper\">\n\t\t\t\t\t<a class=\"elementor-button elementor-button-link elementor-size-sm\" href=\"https:\/\/skdevin.it\/wp-content\/uploads\/2025\/11\/SK-Devin-2025-REGOLAMENTO_def.pdf\" target=\"_blank\">\n\t\t\t\t\t\t<span class=\"elementor-button-content-wrapper\">\n\t\t\t\t\t\t\t\t\t<span class=\"elementor-button-text\">REGOLAMENTO<\/span>\n\t\t\t\t\t<\/span>\n\t\t\t\t\t<\/a>\n\t\t\t\t<\/div>\n\t\t\t\t\t\t\t\t<\/div>\n\t\t\t\t<\/div>\n\t\t\t\t\t<\/div>\n\t\t<\/div>\n\t\t\t\t\t<\/div>\n\t\t<\/section>\n\t\t\t\t<section class=\"elementor-section elementor-top-section elementor-element elementor-element-040a9a2 elementor-section-boxed elementor-section-height-default elementor-section-height-default\" data-id=\"040a9a2\" data-element_type=\"section\" data-e-type=\"section\">\n\t\t\t\t\t\t<div class=\"elementor-container elementor-column-gap-default\">\n\t\t\t\t\t<div class=\"elementor-column elementor-col-100 elementor-top-column elementor-element elementor-element-872b848\" data-id=\"872b848\" data-element_type=\"column\" data-e-type=\"column\">\n\t\t\t<div class=\"elementor-widget-wrap elementor-element-populated\">\n\t\t\t\t\t\t<div class=\"elementor-element elementor-element-c7ecbb6 elementor-button-info elementor-mobile-align-center elementor-align-center elementor-widget elementor-widget-button\" data-id=\"c7ecbb6\" data-element_type=\"widget\" data-e-type=\"widget\" data-widget_type=\"button.default\">\n\t\t\t\t<div class=\"elementor-widget-container\">\n\t\t\t\t\t\t\t\t\t<div class=\"elementor-button-wrapper\">\n\t\t\t\t\t<a class=\"elementor-button elementor-button-link elementor-size-sm\" href=\"https:\/\/skdevin.it\/wp-content\/uploads\/2025\/11\/SK-DEVIN-OBRAZEC-SEZNAM-OPREME-ELENCO-ATTREZZATURA_2025.pdf\" target=\"_blank\">\n\t\t\t\t\t\t<span class=\"elementor-button-content-wrapper\">\n\t\t\t\t\t\t\t\t\t<span class=\"elementor-button-text\">LISTA ATTREZZATURA<\/span>\n\t\t\t\t\t<\/span>\n\t\t\t\t\t<\/a>\n\t\t\t\t<\/div>\n\t\t\t\t\t\t\t\t<\/div>\n\t\t\t\t<\/div>\n\t\t\t\t\t<\/div>\n\t\t<\/div>\n\t\t\t\t\t<\/div>\n\t\t<\/section>\n\t\t\t\t<section class=\"elementor-section elementor-top-section elementor-element elementor-element-b4e111e elementor-hidden-desktop elementor-hidden-tablet elementor-hidden-mobile elementor-section-boxed elementor-section-height-default elementor-section-height-default\" data-id=\"b4e111e\" data-element_type=\"section\" data-e-type=\"section\">\n\t\t\t\t\t\t<div class=\"elementor-container elementor-column-gap-default\">\n\t\t\t\t\t<div class=\"elementor-column elementor-col-100 elementor-top-column elementor-element elementor-element-72117ad\" data-id=\"72117ad\" data-element_type=\"column\" data-e-type=\"column\">\n\t\t\t<div class=\"elementor-widget-wrap elementor-element-populated\">\n\t\t\t\t\t\t<div class=\"elementor-element elementor-element-934f803 elementor-widget elementor-widget-heading\" data-id=\"934f803\" data-element_type=\"widget\" data-e-type=\"widget\" data-widget_type=\"heading.default\">\n\t\t\t\t<div class=\"elementor-widget-container\">\n\t\t\t\t\t<h2 class=\"elementor-heading-title elementor-size-default\">Mercatino dell'attrezzatura da sci usata<\/h2>\t\t\t\t<\/div>\n\t\t\t\t<\/div>\n\t\t\t\t<div class=\"elementor-element elementor-element-3bcee38 elementor-widget elementor-widget-image\" data-id=\"3bcee38\" data-element_type=\"widget\" data-e-type=\"widget\" data-widget_type=\"image.default\">\n\t\t\t\t<div class=\"elementor-widget-container\">\n\t\t\t\t\t\t\t\t\t\t\t\t\t\t\t<img decoding=\"async\" width=\"724\" height=\"1024\" src=\"https:\/\/skdevin.it\/wp-content\/uploads\/2021\/10\/Sejem_2021-slo_page-0001-resized-724x1024.jpeg\" class=\"attachment-large size-large wp-image-1698\" alt=\"\" srcset=\"https:\/\/skdevin.it\/wp-content\/uploads\/2021\/10\/Sejem_2021-slo_page-0001-resized-724x1024.jpeg 724w, https:\/\/skdevin.it\/wp-content\/uploads\/2021\/10\/Sejem_2021-slo_page-0001-resized-212x300.jpeg 212w, https:\/\/skdevin.it\/wp-content\/uploads\/2021\/10\/Sejem_2021-slo_page-0001-resized-768x1086.jpeg 768w, https:\/\/skdevin.it\/wp-content\/uploads\/2021\/10\/Sejem_2021-slo_page-0001-resized-1086x1536.jpeg 1086w, https:\/\/skdevin.it\/wp-content\/uploads\/2021\/10\/Sejem_2021-slo_page-0001-resized.jpeg 1241w\" sizes=\"(max-width: 724px) 100vw, 724px\" \/>\t\t\t\t\t\t\t\t\t\t\t\t\t\t\t<\/div>\n\t\t\t\t<\/div>\n\t\t\t\t<div class=\"elementor-element elementor-element-a35f189 elementor-hidden-desktop elementor-hidden-tablet elementor-hidden-mobile elementor-widget elementor-widget-text-editor\" data-id=\"a35f189\" data-element_type=\"widget\" data-e-type=\"widget\" data-widget_type=\"text-editor.default\">\n\t\t\t\t<div class=\"elementor-widget-container\">\n\t\t\t\t\t\t\t\t\t<p>Nov upravni odbor: Marjanka Ban, Sabrina Bandi, Petra Basezzi, Silvia Callin, Gabriele Garizio, Matija Gregori, Marko Kerpan, Nadja Kralj, Zulejka Pa\u0161kulin, Dana Puri\u010d, Michele Sinigoj, Ivana Skerk, Valentina Sosi\u010d in Nicola Sudano.<\/p>\n<p>Nadzorni odbor sestavljajo Stojan Pahor, Dario \u0160tolfa in Bruno Tomasetig.<\/p>\n\t\t\t\t\t\t\t\t<\/div>\n\t\t\t\t<\/div>\n\t\t\t\t<div class=\"elementor-element elementor-element-a68535b elementor-button-info elementor-mobile-align-center elementor-align-center elementor-widget elementor-widget-button\" data-id=\"a68535b\" data-element_type=\"widget\" data-e-type=\"widget\" data-widget_type=\"button.default\">\n\t\t\t\t<div class=\"elementor-widget-container\">\n\t\t\t\t\t\t\t\t\t<div class=\"elementor-button-wrapper\">\n\t\t\t\t\t<a class=\"elementor-button elementor-button-link elementor-size-sm\" href=\"https:\/\/skdevin.it\/wp-content\/uploads\/2021\/10\/2021-SMUC\u030cARSKI-SEJEM-PRAVILNIK.docx\" target=\"_blank\">\n\t\t\t\t\t\t<span class=\"elementor-button-content-wrapper\">\n\t\t\t\t\t\t\t\t\t<span class=\"elementor-button-text\">PRAVILNIK<\/span>\n\t\t\t\t\t<\/span>\n\t\t\t\t\t<\/a>\n\t\t\t\t<\/div>\n\t\t\t\t\t\t\t\t<\/div>\n\t\t\t\t<\/div>\n\t\t\t\t\t<\/div>\n\t\t<\/div>\n\t\t\t\t\t<\/div>\n\t\t<\/section>\n\t\t\t\t<\/div>\n\t\t","protected":false},"excerpt":{"rendered":"<p>V GRADNJI Kmalu bomo objavili nove vsebine o na\u0161ih ostalih dejavnosti, ki so sestavni del na\u0161ega kluba. Mercatino dell&#8217;attrezzatura da sci usata REGOLAMENTO LISTA ATTREZZATURA Mercatino dell&#8217;attrezzatura da sci usata Nov upravni odbor: Marjanka Ban, Sabrina Bandi, Petra Basezzi, Silvia Callin, Gabriele Garizio, Matija Gregori, Marko Kerpan, Nadja Kralj, Zulejka Pa\u0161kulin, Dana Puri\u010d, Michele Sinigoj, [&hellip;]<\/p>\n","protected":false},"author":2,"featured_media":1413,"parent":0,"menu_order":0,"comment_status":"closed","ping_status":"closed","template":"elementor_theme","meta":{"footnotes":""},"class_list":["post-1841","page","type-page","status-publish","has-post-thumbnail","hentry"],"acf":[],"yoast_head":"<!-- This site is optimized with the Yoast SEO plugin v27.5 - https:\/\/yoast.com\/product\/yoast-seo-wordpress\/ -->\n<title>Altre attivit\u00e0 - SK Devin<\/title>\n<meta name=\"robots\" content=\"index, follow, max-snippet:-1, max-image-preview:large, max-video-preview:-1\" \/>\n<link rel=\"canonical\" href=\"https:\/\/skdevin.it\/ostale-dejavnosti\/\" \/>\n<meta property=\"og:locale\" content=\"it_IT\" \/>\n<meta property=\"og:type\" content=\"article\" \/>\n<meta property=\"og:title\" content=\"Altre attivit\u00e0 - SK Devin\" \/>\n<meta property=\"og:description\" content=\"V GRADNJI Kmalu bomo objavili nove vsebine o na\u0161ih ostalih dejavnosti, ki so sestavni del na\u0161ega kluba. Mercatino dell&#8217;attrezzatura da sci usata REGOLAMENTO LISTA ATTREZZATURA Mercatino dell&#8217;attrezzatura da sci usata Nov upravni odbor: Marjanka Ban, Sabrina Bandi, Petra Basezzi, Silvia Callin, Gabriele Garizio, Matija Gregori, Marko Kerpan, Nadja Kralj, Zulejka Pa\u0161kulin, Dana Puri\u010d, Michele Sinigoj, [&hellip;]\" \/>\n<meta property=\"og:url\" content=\"https:\/\/skdevin.it\/ostale-dejavnosti\/\" \/>\n<meta property=\"og:site_name\" content=\"SK Devin\" \/>\n<meta property=\"article:publisher\" content=\"https:\/\/it-it.facebook.com\/skdevinit\/\" \/>\n<meta property=\"article:modified_time\" content=\"2025-11-02T17:31:10+00:00\" \/>\n<meta property=\"og:image\" content=\"https:\/\/skdevin.it\/wp-content\/uploads\/2021\/08\/ft_page_dejavnosti.jpg\" \/>\n\t<meta property=\"og:image:width\" content=\"1600\" \/>\n\t<meta property=\"og:image:height\" content=\"500\" \/>\n\t<meta property=\"og:image:type\" content=\"image\/jpeg\" \/>\n<meta name=\"twitter:card\" content=\"summary_large_image\" \/>\n<meta name=\"twitter:label1\" content=\"Tempo di lettura stimato\" \/>\n\t<meta name=\"twitter:data1\" content=\"1 minuto\" \/>\n<script type=\"application\/ld+json\" class=\"yoast-schema-graph\">{\"@context\":\"https:\\\/\\\/schema.org\",\"@graph\":[{\"@type\":\"WebPage\",\"@id\":\"https:\\\/\\\/skdevin.it\\\/ostale-dejavnosti\\\/\",\"url\":\"https:\\\/\\\/skdevin.it\\\/ostale-dejavnosti\\\/\",\"name\":\"Altre attivit\u00e0 - SK Devin\",\"isPartOf\":{\"@id\":\"https:\\\/\\\/skdevin.it\\\/#website\"},\"primaryImageOfPage\":{\"@id\":\"https:\\\/\\\/skdevin.it\\\/ostale-dejavnosti\\\/#primaryimage\"},\"image\":{\"@id\":\"https:\\\/\\\/skdevin.it\\\/ostale-dejavnosti\\\/#primaryimage\"},\"thumbnailUrl\":\"https:\\\/\\\/skdevin.it\\\/wp-content\\\/uploads\\\/2021\\\/08\\\/ft_page_dejavnosti.jpg\",\"datePublished\":\"2021-08-04T09:53:33+00:00\",\"dateModified\":\"2025-11-02T17:31:10+00:00\",\"breadcrumb\":{\"@id\":\"https:\\\/\\\/skdevin.it\\\/ostale-dejavnosti\\\/#breadcrumb\"},\"inLanguage\":\"it-IT\",\"potentialAction\":[{\"@type\":\"ReadAction\",\"target\":[\"https:\\\/\\\/skdevin.it\\\/ostale-dejavnosti\\\/\"]}]},{\"@type\":\"ImageObject\",\"inLanguage\":\"it-IT\",\"@id\":\"https:\\\/\\\/skdevin.it\\\/ostale-dejavnosti\\\/#primaryimage\",\"url\":\"https:\\\/\\\/skdevin.it\\\/wp-content\\\/uploads\\\/2021\\\/08\\\/ft_page_dejavnosti.jpg\",\"contentUrl\":\"https:\\\/\\\/skdevin.it\\\/wp-content\\\/uploads\\\/2021\\\/08\\\/ft_page_dejavnosti.jpg\",\"width\":1600,\"height\":500},{\"@type\":\"BreadcrumbList\",\"@id\":\"https:\\\/\\\/skdevin.it\\\/ostale-dejavnosti\\\/#breadcrumb\",\"itemListElement\":[{\"@type\":\"ListItem\",\"position\":1,\"name\":\"Home\",\"item\":\"https:\\\/\\\/skdevin.it\\\/\"},{\"@type\":\"ListItem\",\"position\":2,\"name\":\"Altre attivit\u00e0\"}]},{\"@type\":\"WebSite\",\"@id\":\"https:\\\/\\\/skdevin.it\\\/#website\",\"url\":\"https:\\\/\\\/skdevin.it\\\/\",\"name\":\"SK Devin\",\"description\":\"Uradna spletna stran smu\u010darskega kluba\",\"publisher\":{\"@id\":\"https:\\\/\\\/skdevin.it\\\/#organization\"},\"potentialAction\":[{\"@type\":\"SearchAction\",\"target\":{\"@type\":\"EntryPoint\",\"urlTemplate\":\"https:\\\/\\\/skdevin.it\\\/?s={search_term_string}\"},\"query-input\":{\"@type\":\"PropertyValueSpecification\",\"valueRequired\":true,\"valueName\":\"search_term_string\"}}],\"inLanguage\":\"it-IT\"},{\"@type\":\"Organization\",\"@id\":\"https:\\\/\\\/skdevin.it\\\/#organization\",\"name\":\"SK Devin\",\"url\":\"https:\\\/\\\/skdevin.it\\\/\",\"logo\":{\"@type\":\"ImageObject\",\"inLanguage\":\"it-IT\",\"@id\":\"https:\\\/\\\/skdevin.it\\\/#\\\/schema\\\/logo\\\/image\\\/\",\"url\":\"https:\\\/\\\/skdevin.it\\\/wp-content\\\/uploads\\\/2021\\\/05\\\/Ski-Devin-Logo-1@300x.png\",\"contentUrl\":\"https:\\\/\\\/skdevin.it\\\/wp-content\\\/uploads\\\/2021\\\/05\\\/Ski-Devin-Logo-1@300x.png\",\"width\":300,\"height\":123,\"caption\":\"SK Devin\"},\"image\":{\"@id\":\"https:\\\/\\\/skdevin.it\\\/#\\\/schema\\\/logo\\\/image\\\/\"},\"sameAs\":[\"https:\\\/\\\/it-it.facebook.com\\\/skdevinit\\\/\"]}]}<\/script>\n<!-- \/ Yoast SEO plugin. -->","yoast_head_json":{"title":"Altre attivit\u00e0 - SK Devin","robots":{"index":"index","follow":"follow","max-snippet":"max-snippet:-1","max-image-preview":"max-image-preview:large","max-video-preview":"max-video-preview:-1"},"canonical":"https:\/\/skdevin.it\/ostale-dejavnosti\/","og_locale":"it_IT","og_type":"article","og_title":"Altre attivit\u00e0 - SK Devin","og_description":"V GRADNJI Kmalu bomo objavili nove vsebine o na\u0161ih ostalih dejavnosti, ki so sestavni del na\u0161ega kluba. Mercatino dell&#8217;attrezzatura da sci usata REGOLAMENTO LISTA ATTREZZATURA Mercatino dell&#8217;attrezzatura da sci usata Nov upravni odbor: Marjanka Ban, Sabrina Bandi, Petra Basezzi, Silvia Callin, Gabriele Garizio, Matija Gregori, Marko Kerpan, Nadja Kralj, Zulejka Pa\u0161kulin, Dana Puri\u010d, Michele Sinigoj, [&hellip;]","og_url":"https:\/\/skdevin.it\/ostale-dejavnosti\/","og_site_name":"SK Devin","article_publisher":"https:\/\/it-it.facebook.com\/skdevinit\/","article_modified_time":"2025-11-02T17:31:10+00:00","og_image":[{"width":1600,"height":500,"url":"https:\/\/skdevin.it\/wp-content\/uploads\/2021\/08\/ft_page_dejavnosti.jpg","type":"image\/jpeg"}],"twitter_card":"summary_large_image","twitter_misc":{"Tempo di lettura stimato":"1 minuto"},"schema":{"@context":"https:\/\/schema.org","@graph":[{"@type":"WebPage","@id":"https:\/\/skdevin.it\/ostale-dejavnosti\/","url":"https:\/\/skdevin.it\/ostale-dejavnosti\/","name":"Altre attivit\u00e0 - SK Devin","isPartOf":{"@id":"https:\/\/skdevin.it\/#website"},"primaryImageOfPage":{"@id":"https:\/\/skdevin.it\/ostale-dejavnosti\/#primaryimage"},"image":{"@id":"https:\/\/skdevin.it\/ostale-dejavnosti\/#primaryimage"},"thumbnailUrl":"https:\/\/skdevin.it\/wp-content\/uploads\/2021\/08\/ft_page_dejavnosti.jpg","datePublished":"2021-08-04T09:53:33+00:00","dateModified":"2025-11-02T17:31:10+00:00","breadcrumb":{"@id":"https:\/\/skdevin.it\/ostale-dejavnosti\/#breadcrumb"},"inLanguage":"it-IT","potentialAction":[{"@type":"ReadAction","target":["https:\/\/skdevin.it\/ostale-dejavnosti\/"]}]},{"@type":"ImageObject","inLanguage":"it-IT","@id":"https:\/\/skdevin.it\/ostale-dejavnosti\/#primaryimage","url":"https:\/\/skdevin.it\/wp-content\/uploads\/2021\/08\/ft_page_dejavnosti.jpg","contentUrl":"https:\/\/skdevin.it\/wp-content\/uploads\/2021\/08\/ft_page_dejavnosti.jpg","width":1600,"height":500},{"@type":"BreadcrumbList","@id":"https:\/\/skdevin.it\/ostale-dejavnosti\/#breadcrumb","itemListElement":[{"@type":"ListItem","position":1,"name":"Home","item":"https:\/\/skdevin.it\/"},{"@type":"ListItem","position":2,"name":"Altre attivit\u00e0"}]},{"@type":"WebSite","@id":"https:\/\/skdevin.it\/#website","url":"https:\/\/skdevin.it\/","name":"SK Devin","description":"Uradna spletna stran smu\u010darskega kluba","publisher":{"@id":"https:\/\/skdevin.it\/#organization"},"potentialAction":[{"@type":"SearchAction","target":{"@type":"EntryPoint","urlTemplate":"https:\/\/skdevin.it\/?s={search_term_string}"},"query-input":{"@type":"PropertyValueSpecification","valueRequired":true,"valueName":"search_term_string"}}],"inLanguage":"it-IT"},{"@type":"Organization","@id":"https:\/\/skdevin.it\/#organization","name":"SK Devin","url":"https:\/\/skdevin.it\/","logo":{"@type":"ImageObject","inLanguage":"it-IT","@id":"https:\/\/skdevin.it\/#\/schema\/logo\/image\/","url":"https:\/\/skdevin.it\/wp-content\/uploads\/2021\/05\/Ski-Devin-Logo-1@300x.png","contentUrl":"https:\/\/skdevin.it\/wp-content\/uploads\/2021\/05\/Ski-Devin-Logo-1@300x.png","width":300,"height":123,"caption":"SK Devin"},"image":{"@id":"https:\/\/skdevin.it\/#\/schema\/logo\/image\/"},"sameAs":["https:\/\/it-it.facebook.com\/skdevinit\/"]}]}},"_links":{"self":[{"href":"https:\/\/skdevin.it\/it\/wp-json\/wp\/v2\/pages\/1841","targetHints":{"allow":["GET"]}}],"collection":[{"href":"https:\/\/skdevin.it\/it\/wp-json\/wp\/v2\/pages"}],"about":[{"href":"https:\/\/skdevin.it\/it\/wp-json\/wp\/v2\/types\/page"}],"author":[{"embeddable":true,"href":"https:\/\/skdevin.it\/it\/wp-json\/wp\/v2\/users\/2"}],"replies":[{"embeddable":true,"href":"https:\/\/skdevin.it\/it\/wp-json\/wp\/v2\/comments?post=1841"}],"version-history":[{"count":27,"href":"https:\/\/skdevin.it\/it\/wp-json\/wp\/v2\/pages\/1841\/revisions"}],"predecessor-version":[{"id":2883,"href":"https:\/\/skdevin.it\/it\/wp-json\/wp\/v2\/pages\/1841\/revisions\/2883"}],"wp:featuredmedia":[{"embeddable":true,"href":"https:\/\/skdevin.it\/it\/wp-json\/wp\/v2\/media\/1413"}],"wp:attachment":[{"href":"https:\/\/skdevin.it\/it\/wp-json\/wp\/v2\/media?parent=1841"}],"curies":[{"name":"wp","href":"https:\/\/api.w.org\/{rel}","templated":true}]}}